{"id":5815,"date":"2023-12-14T05:39:37","date_gmt":"2023-12-14T05:39:37","guid":{"rendered":"https:\/\/cosmoitalia.net\/?page_id=5815"},"modified":"2024-02-07T20:27:47","modified_gmt":"2024-02-07T20:27:47","slug":"helen-seward","status":"publish","type":"page","link":"https:\/\/cosmoitalia.net\/index.php\/helen-seward\/","title":{"rendered":"HELEN SEWARD"},"content":{"rendered":"\t\t<div data-elementor-type=\"wp-page\" data-elementor-id=\"5815\" class=\"elementor elementor-5815\" data-elementor-post-type=\"page\">\n\t\t\t\t<div class=\"elementor-element elementor-element-d85734f e-flex e-con-boxed wpr-particle-no wpr-jarallax-no wpr-parallax-no wpr-sticky-section-no e-con e-parent\" data-id=\"d85734f\" data-element_type=\"container\" data-settings=\"{&quot;content_width&quot;:&quot;boxed&quot;}\" data-core-v316-plus=\"true\">\n\t\t\t\t\t<div class=\"e-con-inner\">\n\t\t\t\t<div class=\"elementor-element elementor-element-8b06871 elementor-widget elementor-widget-spacer\" data-id=\"8b06871\" data-element_type=\"widget\" data-widget_type=\"spacer.default\">\n\t\t\t\t<div class=\"elementor-widget-container\">\n\t\t\t<style>\/*! elementor - v3.19.0 - 28-02-2024 *\/\n.elementor-column .elementor-spacer-inner{height:var(--spacer-size)}.e-con{--container-widget-width:100%}.e-con-inner>.elementor-widget-spacer,.e-con>.elementor-widget-spacer{width:var(--container-widget-width,var(--spacer-size));--align-self:var(--container-widget-align-self,initial);--flex-shrink:0}.e-con-inner>.elementor-widget-spacer>.elementor-widget-container,.e-con>.elementor-widget-spacer>.elementor-widget-container{height:100%;width:100%}.e-con-inner>.elementor-widget-spacer>.elementor-widget-container>.elementor-spacer,.e-con>.elementor-widget-spacer>.elementor-widget-container>.elementor-spacer{height:100%}.e-con-inner>.elementor-widget-spacer>.elementor-widget-container>.elementor-spacer>.elementor-spacer-inner,.e-con>.elementor-widget-spacer>.elementor-widget-container>.elementor-spacer>.elementor-spacer-inner{height:var(--container-widget-height,var(--spacer-size))}.e-con-inner>.elementor-widget-spacer.elementor-widget-empty,.e-con>.elementor-widget-spacer.elementor-widget-empty{position:relative;min-height:22px;min-width:22px}.e-con-inner>.elementor-widget-spacer.elementor-widget-empty .elementor-widget-empty-icon,.e-con>.elementor-widget-spacer.elementor-widget-empty .elementor-widget-empty-icon{position:absolute;top:0;bottom:0;left:0;right:0;margin:auto;padding:0;width:22px;height:22px}<\/style>\t\t<div class=\"elementor-spacer\">\n\t\t\t<div class=\"elementor-spacer-inner\"><\/div>\n\t\t<\/div>\n\t\t\t\t<\/div>\n\t\t\t\t<\/div>\n\t\t\t\t\t<\/div>\n\t\t\t\t<\/div>\n\t\t<div class=\"elementor-element elementor-element-a486c44 e-flex e-con-boxed wpr-particle-no wpr-jarallax-no wpr-parallax-no wpr-sticky-section-no e-con e-parent\" data-id=\"a486c44\" data-element_type=\"container\" data-settings=\"{&quot;content_width&quot;:&quot;boxed&quot;}\" data-core-v316-plus=\"true\">\n\t\t\t\t\t<div class=\"e-con-inner\">\n\t\t\t\t<div class=\"elementor-element elementor-element-a0970a6 elementor-widget elementor-widget-video\" data-id=\"a0970a6\" data-element_type=\"widget\" data-settings=\"{&quot;youtube_url&quot;:&quot;https:\\\/\\\/www.youtube.com\\\/watch?v=qhevm0UUjRM&quot;,&quot;video_type&quot;:&quot;youtube&quot;,&quot;controls&quot;:&quot;yes&quot;}\" data-widget_type=\"video.default\">\n\t\t\t\t<div class=\"elementor-widget-container\">\n\t\t\t<style>\/*! elementor - v3.19.0 - 28-02-2024 *\/\n.elementor-widget-video .elementor-widget-container{overflow:hidden;transform:translateZ(0)}.elementor-widget-video .elementor-wrapper{aspect-ratio:var(--video-aspect-ratio)}.elementor-widget-video .elementor-wrapper iframe,.elementor-widget-video .elementor-wrapper video{height:100%;width:100%;display:flex;border:none;background-color:#000}@supports not (aspect-ratio:1\/1){.elementor-widget-video .elementor-wrapper{position:relative;overflow:hidden;height:0;padding-bottom:calc(100% \/ var(--video-aspect-ratio))}.elementor-widget-video .elementor-wrapper iframe,.elementor-widget-video .elementor-wrapper video{position:absolute;top:0;right:0;bottom:0;left:0}}.elementor-widget-video .elementor-open-inline .elementor-custom-embed-image-overlay{position:absolute;top:0;right:0;bottom:0;left:0;background-size:cover;background-position:50%}.elementor-widget-video .elementor-custom-embed-image-overlay{cursor:pointer;text-align:center}.elementor-widget-video .elementor-custom-embed-image-overlay:hover .elementor-custom-embed-play i{opacity:1}.elementor-widget-video .elementor-custom-embed-image-overlay img{display:block;width:100%;aspect-ratio:var(--video-aspect-ratio);-o-object-fit:cover;object-fit:cover;-o-object-position:center center;object-position:center center}@supports not (aspect-ratio:1\/1){.elementor-widget-video .elementor-custom-embed-image-overlay{position:relative;overflow:hidden;height:0;padding-bottom:calc(100% \/ var(--video-aspect-ratio))}.elementor-widget-video .elementor-custom-embed-image-overlay img{position:absolute;top:0;right:0;bottom:0;left:0}}.elementor-widget-video .e-hosted-video .elementor-video{-o-object-fit:cover;object-fit:cover}.e-con-inner>.elementor-widget-video,.e-con>.elementor-widget-video{width:var(--container-widget-width);--flex-grow:var(--container-widget-flex-grow)}<\/style>\t\t<div class=\"elementor-wrapper elementor-open-inline\">\n\t\t\t<div class=\"elementor-video\"><\/div>\t\t<\/div>\n\t\t\t\t<\/div>\n\t\t\t\t<\/div>\n\t\t\t\t\t<\/div>\n\t\t\t\t<\/div>\n\t\t<div class=\"elementor-element elementor-element-20a4389 e-flex e-con-boxed wpr-particle-no wpr-jarallax-no wpr-parallax-no wpr-sticky-section-no e-con e-parent\" data-id=\"20a4389\" data-element_type=\"container\" data-settings=\"{&quot;content_width&quot;:&quot;boxed&quot;}\" data-core-v316-plus=\"true\">\n\t\t\t\t\t<div class=\"e-con-inner\">\n\t\t\t\t<div class=\"elementor-element elementor-element-2afdc8c elementor-widget elementor-widget-spacer\" data-id=\"2afdc8c\" data-element_type=\"widget\" data-widget_type=\"spacer.default\">\n\t\t\t\t<div class=\"elementor-widget-container\">\n\t\t\t\t\t<div class=\"elementor-spacer\">\n\t\t\t<div class=\"elementor-spacer-inner\"><\/div>\n\t\t<\/div>\n\t\t\t\t<\/div>\n\t\t\t\t<\/div>\n\t\t<div class=\"elementor-element elementor-element-6b8e33d e-flex e-con-boxed wpr-particle-no wpr-jarallax-no wpr-parallax-no wpr-sticky-section-no e-con e-child\" data-id=\"6b8e33d\" data-element_type=\"container\" data-settings=\"{&quot;content_width&quot;:&quot;boxed&quot;}\">\n\t\t\t\t\t<div class=\"e-con-inner\">\n\t\t\t\t<div class=\"elementor-element elementor-element-ebe00f3 elementor-widget elementor-widget-text-editor\" data-id=\"ebe00f3\" data-element_type=\"widget\" data-widget_type=\"text-editor.default\">\n\t\t\t\t<div class=\"elementor-widget-container\">\n\t\t\t<style>\/*! elementor - v3.19.0 - 28-02-2024 *\/\n.elementor-widget-text-editor.elementor-drop-cap-view-stacked .elementor-drop-cap{background-color:#69727d;color:#fff}.elementor-widget-text-editor.elementor-drop-cap-view-framed .elementor-drop-cap{color:#69727d;border:3px solid;background-color:transparent}.elementor-widget-text-editor:not(.elementor-drop-cap-view-default) .elementor-drop-cap{margin-top:8px}.elementor-widget-text-editor:not(.elementor-drop-cap-view-default) .elementor-drop-cap-letter{width:1em;height:1em}.elementor-widget-text-editor .elementor-drop-cap{float:left;text-align:center;line-height:1;font-size:50px}.elementor-widget-text-editor .elementor-drop-cap-letter{display:inline-block}<\/style>\t\t\t\t<p><strong>Productos profesionales para el cabello<\/strong> de <strong><a href=\"https:\/\/www.helenseward.it\/es\/prodotti\/colore\">coloraci\u00f3n<\/a>, <a href=\"https:\/\/www.helenseward.it\/es\/prodotti\/trattamenti\">tratamiento<\/a> y <a href=\"https:\/\/www.helenseward.it\/es\/prodotti\/forma\">forma<\/a>, <a href=\"https:\/\/www.helenseward.it\/es\/prodotti\/solari\">productos solares<\/a> y de <a href=\"https:\/\/www.helenseward.it\/es\/prodotti\/styling\">styling<\/a>, pero tambi\u00e9n <a href=\"https:\/\/www.helenseward.it\/es\/prodotti\/uomo\">productos espec\u00edficos para la belleza y el bienestar del hombre<\/a><\/strong>, desarrollados sobre la base de competencias espec\u00edficas consolidadas, que cumplen con est\u00e1ndares elevados de eficacia y seguridad, en el pleno respeto del medio ambiente y con el toque del glamour italiano<\/p>\t\t\t\t\t\t<\/div>\n\t\t\t\t<\/div>\n\t\t\t\t\t<\/div>\n\t\t\t\t<\/div>\n\t\t\t\t\t<\/div>\n\t\t\t\t<\/div>\n\t\t<div class=\"elementor-element elementor-element-7e069df e-flex e-con-boxed wpr-particle-no wpr-jarallax-no wpr-parallax-no wpr-sticky-section-no e-con e-parent\" data-id=\"7e069df\" data-element_type=\"container\" data-settings=\"{&quot;content_width&quot;:&quot;boxed&quot;}\" data-core-v316-plus=\"true\">\n\t\t\t\t\t<div class=\"e-con-inner\">\n\t\t\t\t<div class=\"elementor-element elementor-element-de2c91c elementor-widget elementor-widget-shortcode\" data-id=\"de2c91c\" data-element_type=\"widget\" data-widget_type=\"shortcode.default\">\n\t\t\t\t<div class=\"elementor-widget-container\">\n\t\t\t\t\t<div class=\"elementor-shortcode\"><div class=\"_df_book df-lite\" id=\"df_6854\"  data-title=\"\" _slug=\"6854\" wpoptions=\"true\" thumbtype=\"\" ><\/div><script class=\"df-shortcode-script\" type=\"application\/javascript\">window.option_df_6854 = {\"outline\":[],\"autoEnableOutline\":\"false\",\"autoEnableThumbnail\":\"false\",\"overwritePDFOutline\":\"false\",\"direction\":\"1\",\"pageSize\":\"0\",\"source\":\"https:\\\/\\\/cosmoitalia.net\\\/wp-content\\\/uploads\\\/2024\\\/02\\\/CATALOGO-HS-2.pdf\",\"wpOptions\":\"true\"}; if(window.DFLIP && window.DFLIP.parseBooks){window.DFLIP.parseBooks();}<\/script><\/div>\n\t\t\t\t<\/div>\n\t\t\t\t<\/div>\n\t\t\t\t\t<\/div>\n\t\t\t\t<\/div>\n\t\t\t\t<\/div>\n\t\t","protected":false},"excerpt":{"rendered":"<p>Productos profesionales para el cabello de coloraci\u00f3n, tratamiento y forma, productos solares y de styling, pero tambi\u00e9n productos espec\u00edficos para la belleza y el bienestar del hombre, desarrollados sobre la base de competencias espec\u00edficas consolidadas, que cumplen con est\u00e1ndares elevados de eficacia y seguridad, en el pleno respeto del medio ambiente y con el toque [&hellip;]<\/p>\n","protected":false},"author":1,"featured_media":0,"parent":0,"menu_order":0,"comment_status":"closed","ping_status":"closed","template":"","meta":{"footnotes":""},"class_list":["post-5815","page","type-page","status-publish","hentry"],"yoast_head":"<!-- This site is optimized with the Yoast SEO plugin v22.1 - https:\/\/yoast.com\/wordpress\/plugins\/seo\/ -->\n<title>HELEN SEWARD - CosmoItalia<\/title>\n<meta name=\"robots\" content=\"index, follow, max-snippet:-1, max-image-preview:large, max-video-preview:-1\" \/>\n<link rel=\"canonical\" href=\"https:\/\/cosmoitalia.net\/index.php\/helen-seward\/\" \/>\n<meta property=\"og:locale\" content=\"es_MX\" \/>\n<meta property=\"og:type\" content=\"article\" \/>\n<meta property=\"og:title\" content=\"HELEN SEWARD - CosmoItalia\" \/>\n<meta property=\"og:description\" content=\"Productos profesionales para el cabello de coloraci\u00f3n, tratamiento y forma, productos solares y de styling, pero tambi\u00e9n productos espec\u00edficos para la belleza y el bienestar del hombre, desarrollados sobre la base de competencias espec\u00edficas consolidadas, que cumplen con est\u00e1ndares elevados de eficacia y seguridad, en el pleno respeto del medio ambiente y con el toque [&hellip;]\" \/>\n<meta property=\"og:url\" content=\"https:\/\/cosmoitalia.net\/index.php\/helen-seward\/\" \/>\n<meta property=\"og:site_name\" content=\"CosmoItalia\" \/>\n<meta property=\"article:modified_time\" content=\"2024-02-07T20:27:47+00:00\" \/>\n<meta name=\"twitter:card\" content=\"summary_large_image\" \/>\n<script type=\"application\/ld+json\" class=\"yoast-schema-graph\">{\"@context\":\"https:\/\/schema.org\",\"@graph\":[{\"@type\":\"WebPage\",\"@id\":\"https:\/\/cosmoitalia.net\/index.php\/helen-seward\/\",\"url\":\"https:\/\/cosmoitalia.net\/index.php\/helen-seward\/\",\"name\":\"HELEN SEWARD - CosmoItalia\",\"isPartOf\":{\"@id\":\"https:\/\/cosmoitalia.net\/#website\"},\"datePublished\":\"2023-12-14T05:39:37+00:00\",\"dateModified\":\"2024-02-07T20:27:47+00:00\",\"breadcrumb\":{\"@id\":\"https:\/\/cosmoitalia.net\/index.php\/helen-seward\/#breadcrumb\"},\"inLanguage\":\"es\",\"potentialAction\":[{\"@type\":\"ReadAction\",\"target\":[\"https:\/\/cosmoitalia.net\/index.php\/helen-seward\/\"]}]},{\"@type\":\"BreadcrumbList\",\"@id\":\"https:\/\/cosmoitalia.net\/index.php\/helen-seward\/#breadcrumb\",\"itemListElement\":[{\"@type\":\"ListItem\",\"position\":1,\"name\":\"Inicio\",\"item\":\"https:\/\/cosmoitalia.net\/\"},{\"@type\":\"ListItem\",\"position\":2,\"name\":\"HELEN SEWARD\"}]},{\"@type\":\"WebSite\",\"@id\":\"https:\/\/cosmoitalia.net\/#website\",\"url\":\"https:\/\/cosmoitalia.net\/\",\"name\":\"CosmoItalia\",\"description\":\"\",\"publisher\":{\"@id\":\"https:\/\/cosmoitalia.net\/#organization\"},\"potentialAction\":[{\"@type\":\"SearchAction\",\"target\":{\"@type\":\"EntryPoint\",\"urlTemplate\":\"https:\/\/cosmoitalia.net\/?s={search_term_string}\"},\"query-input\":\"required name=search_term_string\"}],\"inLanguage\":\"es\"},{\"@type\":\"Organization\",\"@id\":\"https:\/\/cosmoitalia.net\/#organization\",\"name\":\"CosmoItalia\",\"url\":\"https:\/\/cosmoitalia.net\/\",\"logo\":{\"@type\":\"ImageObject\",\"inLanguage\":\"es\",\"@id\":\"https:\/\/cosmoitalia.net\/#\/schema\/logo\/image\/\",\"url\":\"https:\/\/cosmoitalia.net\/wp-content\/uploads\/2023\/09\/cropped-cropped-LOGO_COSMOITALIA-preview-1.png\",\"contentUrl\":\"https:\/\/cosmoitalia.net\/wp-content\/uploads\/2023\/09\/cropped-cropped-LOGO_COSMOITALIA-preview-1.png\",\"width\":498,\"height\":142,\"caption\":\"CosmoItalia\"},\"image\":{\"@id\":\"https:\/\/cosmoitalia.net\/#\/schema\/logo\/image\/\"}}]}<\/script>\n<!-- \/ Yoast SEO plugin. -->","yoast_head_json":{"title":"HELEN SEWARD - CosmoItalia","robots":{"index":"index","follow":"follow","max-snippet":"max-snippet:-1","max-image-preview":"max-image-preview:large","max-video-preview":"max-video-preview:-1"},"canonical":"https:\/\/cosmoitalia.net\/index.php\/helen-seward\/","og_locale":"es_MX","og_type":"article","og_title":"HELEN SEWARD - CosmoItalia","og_description":"Productos profesionales para el cabello de coloraci\u00f3n, tratamiento y forma, productos solares y de styling, pero tambi\u00e9n productos espec\u00edficos para la belleza y el bienestar del hombre, desarrollados sobre la base de competencias espec\u00edficas consolidadas, que cumplen con est\u00e1ndares elevados de eficacia y seguridad, en el pleno respeto del medio ambiente y con el toque [&hellip;]","og_url":"https:\/\/cosmoitalia.net\/index.php\/helen-seward\/","og_site_name":"CosmoItalia","article_modified_time":"2024-02-07T20:27:47+00:00","twitter_card":"summary_large_image","schema":{"@context":"https:\/\/schema.org","@graph":[{"@type":"WebPage","@id":"https:\/\/cosmoitalia.net\/index.php\/helen-seward\/","url":"https:\/\/cosmoitalia.net\/index.php\/helen-seward\/","name":"HELEN SEWARD - CosmoItalia","isPartOf":{"@id":"https:\/\/cosmoitalia.net\/#website"},"datePublished":"2023-12-14T05:39:37+00:00","dateModified":"2024-02-07T20:27:47+00:00","breadcrumb":{"@id":"https:\/\/cosmoitalia.net\/index.php\/helen-seward\/#breadcrumb"},"inLanguage":"es","potentialAction":[{"@type":"ReadAction","target":["https:\/\/cosmoitalia.net\/index.php\/helen-seward\/"]}]},{"@type":"BreadcrumbList","@id":"https:\/\/cosmoitalia.net\/index.php\/helen-seward\/#breadcrumb","itemListElement":[{"@type":"ListItem","position":1,"name":"Inicio","item":"https:\/\/cosmoitalia.net\/"},{"@type":"ListItem","position":2,"name":"HELEN SEWARD"}]},{"@type":"WebSite","@id":"https:\/\/cosmoitalia.net\/#website","url":"https:\/\/cosmoitalia.net\/","name":"CosmoItalia","description":"","publisher":{"@id":"https:\/\/cosmoitalia.net\/#organization"},"potentialAction":[{"@type":"SearchAction","target":{"@type":"EntryPoint","urlTemplate":"https:\/\/cosmoitalia.net\/?s={search_term_string}"},"query-input":"required name=search_term_string"}],"inLanguage":"es"},{"@type":"Organization","@id":"https:\/\/cosmoitalia.net\/#organization","name":"CosmoItalia","url":"https:\/\/cosmoitalia.net\/","logo":{"@type":"ImageObject","inLanguage":"es","@id":"https:\/\/cosmoitalia.net\/#\/schema\/logo\/image\/","url":"https:\/\/cosmoitalia.net\/wp-content\/uploads\/2023\/09\/cropped-cropped-LOGO_COSMOITALIA-preview-1.png","contentUrl":"https:\/\/cosmoitalia.net\/wp-content\/uploads\/2023\/09\/cropped-cropped-LOGO_COSMOITALIA-preview-1.png","width":498,"height":142,"caption":"CosmoItalia"},"image":{"@id":"https:\/\/cosmoitalia.net\/#\/schema\/logo\/image\/"}}]}},"_links":{"self":[{"href":"https:\/\/cosmoitalia.net\/index.php\/wp-json\/wp\/v2\/pages\/5815","targetHints":{"allow":["GET"]}}],"collection":[{"href":"https:\/\/cosmoitalia.net\/index.php\/wp-json\/wp\/v2\/pages"}],"about":[{"href":"https:\/\/cosmoitalia.net\/index.php\/wp-json\/wp\/v2\/types\/page"}],"author":[{"embeddable":true,"href":"https:\/\/cosmoitalia.net\/index.php\/wp-json\/wp\/v2\/users\/1"}],"replies":[{"embeddable":true,"href":"https:\/\/cosmoitalia.net\/index.php\/wp-json\/wp\/v2\/comments?post=5815"}],"version-history":[{"count":0,"href":"https:\/\/cosmoitalia.net\/index.php\/wp-json\/wp\/v2\/pages\/5815\/revisions"}],"wp:attachment":[{"href":"https:\/\/cosmoitalia.net\/index.php\/wp-json\/wp\/v2\/media?parent=5815"}],"curies":[{"name":"wp","href":"https:\/\/api.w.org\/{rel}","templated":true}]}}