{"id":5363,"date":"2023-09-28T01:26:33","date_gmt":"2023-09-28T01:26:33","guid":{"rendered":"https:\/\/cosmoitalia.net\/?page_id=5363"},"modified":"2024-01-04T15:36:22","modified_gmt":"2024-01-04T15:36:22","slug":"academy-news","status":"publish","type":"page","link":"https:\/\/cosmoitalia.net\/index.php\/academy-news\/","title":{"rendered":"Academy News"},"content":{"rendered":"\t\t<div data-elementor-type=\"wp-page\" data-elementor-id=\"5363\" class=\"elementor elementor-5363\" data-elementor-post-type=\"page\">\n\t\t\t\t<div class=\"elementor-element elementor-element-6471adf e-flex e-con-boxed wpr-particle-no wpr-jarallax-no wpr-parallax-no wpr-sticky-section-no e-con e-parent\" data-id=\"6471adf\" data-element_type=\"container\" data-settings=\"{&quot;content_width&quot;:&quot;boxed&quot;}\" data-core-v316-plus=\"true\">\n\t\t\t\t\t<div class=\"e-con-inner\">\n\t\t<div class=\"elementor-element elementor-element-6bc29aa e-con-full e-flex wpr-particle-no wpr-jarallax-no wpr-parallax-no wpr-sticky-section-no e-con e-child\" data-id=\"6bc29aa\" data-element_type=\"container\" data-settings=\"{&quot;content_width&quot;:&quot;full&quot;}\">\n\t\t\t\t<\/div>\n\t\t<div class=\"elementor-element elementor-element-93a3375 e-con-full e-flex wpr-particle-no wpr-jarallax-no wpr-parallax-no wpr-sticky-section-no e-con e-child\" data-id=\"93a3375\" data-element_type=\"container\" data-settings=\"{&quot;content_width&quot;:&quot;full&quot;}\">\n\t\t\t\t<div class=\"elementor-element elementor-element-7aeee62 animated-slow elementor-invisible elementor-widget elementor-widget-heading\" data-id=\"7aeee62\" data-element_type=\"widget\" data-settings=\"{&quot;_animation&quot;:&quot;fadeIn&quot;,&quot;_animation_delay&quot;:100}\" data-widget_type=\"heading.default\">\n\t\t\t\t<div class=\"elementor-widget-container\">\n\t\t\t<style>\/*! elementor - v3.19.0 - 28-02-2024 *\/\n.elementor-heading-title{padding:0;margin:0;line-height:1}.elementor-widget-heading .elementor-heading-title[class*=elementor-size-]>a{color:inherit;font-size:inherit;line-height:inherit}.elementor-widget-heading .elementor-heading-title.elementor-size-small{font-size:15px}.elementor-widget-heading .elementor-heading-title.elementor-size-medium{font-size:19px}.elementor-widget-heading .elementor-heading-title.elementor-size-large{font-size:29px}.elementor-widget-heading .elementor-heading-title.elementor-size-xl{font-size:39px}.elementor-widget-heading .elementor-heading-title.elementor-size-xxl{font-size:59px}<\/style><h2 class=\"elementor-heading-title elementor-size-default\">Academy News<\/h2>\t\t<\/div>\n\t\t\t\t<\/div>\n\t\t\t\t<\/div>\n\t\t<div class=\"elementor-element elementor-element-a392b79 e-con-full e-flex wpr-particle-no wpr-jarallax-no wpr-parallax-no wpr-sticky-section-no e-con e-child\" data-id=\"a392b79\" data-element_type=\"container\" data-settings=\"{&quot;content_width&quot;:&quot;full&quot;}\">\n\t\t\t\t<\/div>\n\t\t\t\t\t<\/div>\n\t\t\t\t<\/div>\n\t\t<div class=\"elementor-element elementor-element-16fbd14 animated-slow e-flex e-con-boxed wpr-particle-no wpr-jarallax-no wpr-parallax-no wpr-sticky-section-no elementor-invisible e-con e-parent\" data-id=\"16fbd14\" data-element_type=\"container\" data-settings=\"{&quot;animation&quot;:&quot;fadeIn&quot;,&quot;animation_delay&quot;:150,&quot;content_width&quot;:&quot;boxed&quot;}\" data-core-v316-plus=\"true\">\n\t\t\t\t\t<div class=\"e-con-inner\">\n\t\t<div class=\"elementor-element elementor-element-9524f87 e-flex e-con-boxed wpr-particle-no wpr-jarallax-no wpr-parallax-no wpr-sticky-section-no e-con e-child\" data-id=\"9524f87\" data-element_type=\"container\" data-settings=\"{&quot;content_width&quot;:&quot;boxed&quot;}\">\n\t\t\t\t\t<div class=\"e-con-inner\">\n\t\t\t\t<div class=\"elementor-element elementor-element-c15d82f elementor-widget elementor-widget-video\" data-id=\"c15d82f\" data-element_type=\"widget\" data-settings=\"{&quot;youtube_url&quot;:&quot;https:\\\/\\\/www.youtube.com\\\/watch?v=UqjPGatvlBg&quot;,&quot;autoplay&quot;:&quot;yes&quot;,&quot;modestbranding&quot;:&quot;yes&quot;,&quot;video_type&quot;:&quot;youtube&quot;,&quot;controls&quot;:&quot;yes&quot;}\" data-widget_type=\"video.default\">\n\t\t\t\t<div class=\"elementor-widget-container\">\n\t\t\t<style>\/*! elementor - v3.19.0 - 28-02-2024 *\/\n.elementor-widget-video .elementor-widget-container{overflow:hidden;transform:translateZ(0)}.elementor-widget-video .elementor-wrapper{aspect-ratio:var(--video-aspect-ratio)}.elementor-widget-video .elementor-wrapper iframe,.elementor-widget-video .elementor-wrapper video{height:100%;width:100%;display:flex;border:none;background-color:#000}@supports not (aspect-ratio:1\/1){.elementor-widget-video .elementor-wrapper{position:relative;overflow:hidden;height:0;padding-bottom:calc(100% \/ var(--video-aspect-ratio))}.elementor-widget-video .elementor-wrapper iframe,.elementor-widget-video .elementor-wrapper video{position:absolute;top:0;right:0;bottom:0;left:0}}.elementor-widget-video .elementor-open-inline .elementor-custom-embed-image-overlay{position:absolute;top:0;right:0;bottom:0;left:0;background-size:cover;background-position:50%}.elementor-widget-video .elementor-custom-embed-image-overlay{cursor:pointer;text-align:center}.elementor-widget-video .elementor-custom-embed-image-overlay:hover .elementor-custom-embed-play i{opacity:1}.elementor-widget-video .elementor-custom-embed-image-overlay img{display:block;width:100%;aspect-ratio:var(--video-aspect-ratio);-o-object-fit:cover;object-fit:cover;-o-object-position:center center;object-position:center center}@supports not (aspect-ratio:1\/1){.elementor-widget-video .elementor-custom-embed-image-overlay{position:relative;overflow:hidden;height:0;padding-bottom:calc(100% \/ var(--video-aspect-ratio))}.elementor-widget-video .elementor-custom-embed-image-overlay img{position:absolute;top:0;right:0;bottom:0;left:0}}.elementor-widget-video .e-hosted-video .elementor-video{-o-object-fit:cover;object-fit:cover}.e-con-inner>.elementor-widget-video,.e-con>.elementor-widget-video{width:var(--container-widget-width);--flex-grow:var(--container-widget-flex-grow)}<\/style>\t\t<div class=\"elementor-wrapper elementor-open-inline\">\n\t\t\t<div class=\"elementor-video\"><\/div>\t\t<\/div>\n\t\t\t\t<\/div>\n\t\t\t\t<\/div>\n\t\t\t\t\t<\/div>\n\t\t\t\t<\/div>\n\t\t\t\t<div class=\"elementor-element elementor-element-9352354 elementor-widget elementor-widget-elementskit-blog-posts\" data-id=\"9352354\" data-element_type=\"widget\" data-widget_type=\"elementskit-blog-posts.default\">\n\t\t\t\t<div class=\"elementor-widget-container\">\n\t\t\t<div class=\"ekit-wid-con\" >        <div id=\"post-items--9352354\" class=\"row post-items\">\n                    <div class=\"col-md-12\">\n\n                                    <div class=\"elementskit-blog-block-post\">\n                        <div class=\"row no-gutters\">\n                                                            <div class=\"col-md-6 order-1\">\n                                    <a href=\"https:\/\/cosmoitalia.net\/index.php\/2024\/01\/25\/mediter-seward-2024\/\" class=\"elementskit-entry-thumb\">\n                                        <img decoding=\"async\" src=\"https:\/\/cosmoitalia.net\/wp-content\/uploads\/2024\/01\/grupo4-1024x1024.jpg\" alt=\"SEWARD MEDITER 2024\">\n                                    <\/a><!-- .elementskit-entry-thumb END -->\n                                <\/div>\n                            \n                            <div class=\"col-md-6 order-2\">\n                                <div class=\"elementskit-post-body \">\n                                    <div class=\"elementskit-entry-header\">\n                                        \n                                                                                            \t\t\t\t\t                                            \n                                            \n                                                                                            \t\t\t\t<h2 class=\"entry-title\">\n\t\t\t\t\t<a href=\"https:\/\/cosmoitalia.net\/index.php\/2024\/01\/25\/mediter-seward-2024\/\">\n\t\t\t\t\t\tSEWARD MEDITER 2024\t\t\t\t\t<\/a>\n\t\t\t\t<\/h2>\n\t\t\t                                                                                <\/div><!-- .elementskit-entry-header END -->\n\n                                                                            <div class=\"elementskit-post-footer\">\n                                                                                            <p>16 de enero 2024, Plaza Suiza, San Salvador En nuestro evento de presentaci\u00f3n de la linea SEWARD MEDITER tuvimos la participaci\u00f3n de due\u00f1os de sal\u00f3n de todo el pa\u00eds que tienen el inter\u00e9s por brindar una atenci\u00f3n de lujo a sus fieles clientes, con productos org\u00e1nicos y de alta calidad italiana. Los productos de nuestra [&hellip;]<\/p>\n                                                                                                                                <\/div><!-- .elementskit-post-footer END -->\n                                                                    <\/div><!-- .elementskit-post-body END -->\n                            <\/div>\n                        <\/div>\n                    <\/div><!-- .elementskit-blog-block-post .radius .gradient-bg END -->\n                \n            <\/div>\n                    <div class=\"col-md-12\">\n\n                                    <div class=\"elementskit-blog-block-post\">\n                        <div class=\"row no-gutters\">\n                                                            <div class=\"col-md-6 order-1\">\n                                    <a href=\"https:\/\/cosmoitalia.net\/index.php\/2023\/09\/28\/gala-helen-seward-2023\/\" class=\"elementskit-entry-thumb\">\n                                        <img decoding=\"async\" src=\"https:\/\/cosmoitalia.net\/wp-content\/uploads\/2023\/09\/WhatsApp-Image-2023-09-27-at-8.35.58-PM-1024x768.jpeg\" alt=\"Por incentivos de compras viaja\">\n                                    <\/a><!-- .elementskit-entry-thumb END -->\n                                <\/div>\n                            \n                            <div class=\"col-md-6 order-2\">\n                                <div class=\"elementskit-post-body \">\n                                    <div class=\"elementskit-entry-header\">\n                                        \n                                                                                            \t\t\t\t\t                                            \n                                            \n                                                                                            \t\t\t\t<h2 class=\"entry-title\">\n\t\t\t\t\t<a href=\"https:\/\/cosmoitalia.net\/index.php\/2023\/09\/28\/gala-helen-seward-2023\/\">\n\t\t\t\t\t\tPor incentivos de compras viaja\t\t\t\t\t<\/a>\n\t\t\t\t<\/h2>\n\t\t\t                                                                                <\/div><!-- .elementskit-entry-header END -->\n\n                                                                            <div class=\"elementskit-post-footer\">\n                                                                                            <p>Punta Cana, Republica Dominicana 18 de septiembre de 2023 Una verdadera Gala Internacional la celebrada en Punta Cana, Rep\u00fablica Dominicana, organizada en colaboraci\u00f3n con el Partner Jes International. \u00a0 Una verdadera Gala Internacional la celebrada en Rep\u00fablica Dominicana, en un lugar excepcional: el Barcel\u00f3 B\u00e1varo Beach, un hotel exclusivo ubicado directamente en la playa de [&hellip;]<\/p>\n                                                                                                                                <\/div><!-- .elementskit-post-footer END -->\n                                                                    <\/div><!-- .elementskit-post-body END -->\n                            <\/div>\n                        <\/div>\n                    <\/div><!-- .elementskit-blog-block-post .radius .gradient-bg END -->\n                \n            <\/div>\n                    <div class=\"col-md-12\">\n\n                                    <div class=\"elementskit-blog-block-post\">\n                        <div class=\"row no-gutters\">\n                                                            <div class=\"col-md-6 order-1\">\n                                    <a href=\"https:\/\/cosmoitalia.net\/index.php\/2022\/09\/28\/be_fluid-show-masterclass\/\" class=\"elementskit-entry-thumb\">\n                                        <img decoding=\"async\" src=\"https:\/\/cosmoitalia.net\/wp-content\/uploads\/2023\/09\/WhatsApp-Image-2023-09-27-at-8.49.14-PM-1024x576.jpeg\" alt=\"BE_FLUID SHOW &#038; MASTERCLASS Octubre 2022\">\n                                    <\/a><!-- .elementskit-entry-thumb END -->\n                                <\/div>\n                            \n                            <div class=\"col-md-6 order-2\">\n                                <div class=\"elementskit-post-body \">\n                                    <div class=\"elementskit-entry-header\">\n                                        \n                                                                                            \t\t\t\t\t                                            \n                                            \n                                                                                            \t\t\t\t<h2 class=\"entry-title\">\n\t\t\t\t\t<a href=\"https:\/\/cosmoitalia.net\/index.php\/2022\/09\/28\/be_fluid-show-masterclass\/\">\n\t\t\t\t\t\tBE_FLUID SHOW &#038; MASTERCLASS Octubre 2022\t\t\t\t\t<\/a>\n\t\t\t\t<\/h2>\n\t\t\t                                                                                <\/div><!-- .elementskit-entry-header END -->\n\n                                                                            <div class=\"elementskit-post-footer\">\n                                                                                            <p>Una semana llena de color, tendencias de moda y tratamientos exclusivos Helen Seward, celebrada en El Salvador El t\u00e9cnico Alberto Bernal acompa\u00f1\u00f3 a los presentes en las jornadas de formaci\u00f3n y live show, presentando las t\u00e9cnicas de corte y color de Be_Fluid Collection. Muy apreciada por los participantes la t\u00e9cnica Pixel Art, recreada como modelo [&hellip;]<\/p>\n                                                                                                                                <\/div><!-- .elementskit-post-footer END -->\n                                                                    <\/div><!-- .elementskit-post-body END -->\n                            <\/div>\n                        <\/div>\n                    <\/div><!-- .elementskit-blog-block-post .radius .gradient-bg END -->\n                \n            <\/div>\n                <\/div>\n       <\/div>\t\t<\/div>\n\t\t\t\t<\/div>\n\t\t\t\t\t<\/div>\n\t\t\t\t<\/div>\n\t\t\t\t<\/div>\n\t\t","protected":false},"excerpt":{"rendered":"<p>Academy News Gala Helen Seward 2023 Punta Cana, Republica Dominicana 18 de septiembre. Una verdadera Gala Internacional la celebrada en Punta Cana, Rep\u00fablica Dominicana, organizada en colaboraci\u00f3n con el Partner Jes International. \u00a0 Una verdadera Gala Internacional la celebrada en Rep\u00fablica Dominicana, en un lugar excepcional: el Barcel\u00f3 B\u00e1varo Beach, un hotel exclusivo ubicado directamente [&hellip;]<\/p>\n","protected":false},"author":1,"featured_media":0,"parent":0,"menu_order":0,"comment_status":"closed","ping_status":"closed","template":"elementor_canvas","meta":{"footnotes":""},"class_list":["post-5363","page","type-page","status-publish","hentry"],"yoast_head":"<!-- This site is optimized with the Yoast SEO plugin v22.1 - https:\/\/yoast.com\/wordpress\/plugins\/seo\/ -->\n<title>Academy News - CosmoItalia<\/title>\n<meta name=\"robots\" content=\"index, follow, max-snippet:-1, max-image-preview:large, max-video-preview:-1\" \/>\n<link rel=\"canonical\" href=\"https:\/\/cosmoitalia.net\/index.php\/academy-news\/\" \/>\n<meta property=\"og:locale\" content=\"es_MX\" \/>\n<meta property=\"og:type\" content=\"article\" \/>\n<meta property=\"og:title\" content=\"Academy News - CosmoItalia\" \/>\n<meta property=\"og:description\" content=\"Academy News Gala Helen Seward 2023 Punta Cana, Republica Dominicana 18 de septiembre. Una verdadera Gala Internacional la celebrada en Punta Cana, Rep\u00fablica Dominicana, organizada en colaboraci\u00f3n con el Partner Jes International. \u00a0 Una verdadera Gala Internacional la celebrada en Rep\u00fablica Dominicana, en un lugar excepcional: el Barcel\u00f3 B\u00e1varo Beach, un hotel exclusivo ubicado directamente [&hellip;]\" \/>\n<meta property=\"og:url\" content=\"https:\/\/cosmoitalia.net\/index.php\/academy-news\/\" \/>\n<meta property=\"og:site_name\" content=\"CosmoItalia\" \/>\n<meta property=\"article:modified_time\" content=\"2024-01-04T15:36:22+00:00\" \/>\n<meta property=\"og:image\" content=\"https:\/\/cosmoitalia.net\/wp-content\/uploads\/2023\/09\/WhatsApp-Image-2023-09-27-at-8.35.58-PM-1024x768.jpeg\" \/>\n<meta name=\"twitter:card\" content=\"summary_large_image\" \/>\n<meta name=\"twitter:label1\" content=\"Tiempo de lectura\" \/>\n\t<meta name=\"twitter:data1\" content=\"1 minuto\" \/>\n<script type=\"application\/ld+json\" class=\"yoast-schema-graph\">{\"@context\":\"https:\/\/schema.org\",\"@graph\":[{\"@type\":\"WebPage\",\"@id\":\"https:\/\/cosmoitalia.net\/index.php\/academy-news\/\",\"url\":\"https:\/\/cosmoitalia.net\/index.php\/academy-news\/\",\"name\":\"Academy News - CosmoItalia\",\"isPartOf\":{\"@id\":\"https:\/\/cosmoitalia.net\/#website\"},\"datePublished\":\"2023-09-28T01:26:33+00:00\",\"dateModified\":\"2024-01-04T15:36:22+00:00\",\"breadcrumb\":{\"@id\":\"https:\/\/cosmoitalia.net\/index.php\/academy-news\/#breadcrumb\"},\"inLanguage\":\"es\",\"potentialAction\":[{\"@type\":\"ReadAction\",\"target\":[\"https:\/\/cosmoitalia.net\/index.php\/academy-news\/\"]}]},{\"@type\":\"BreadcrumbList\",\"@id\":\"https:\/\/cosmoitalia.net\/index.php\/academy-news\/#breadcrumb\",\"itemListElement\":[{\"@type\":\"ListItem\",\"position\":1,\"name\":\"Inicio\",\"item\":\"https:\/\/cosmoitalia.net\/\"},{\"@type\":\"ListItem\",\"position\":2,\"name\":\"Academy News\"}]},{\"@type\":\"WebSite\",\"@id\":\"https:\/\/cosmoitalia.net\/#website\",\"url\":\"https:\/\/cosmoitalia.net\/\",\"name\":\"CosmoItalia\",\"description\":\"\",\"publisher\":{\"@id\":\"https:\/\/cosmoitalia.net\/#organization\"},\"potentialAction\":[{\"@type\":\"SearchAction\",\"target\":{\"@type\":\"EntryPoint\",\"urlTemplate\":\"https:\/\/cosmoitalia.net\/?s={search_term_string}\"},\"query-input\":\"required name=search_term_string\"}],\"inLanguage\":\"es\"},{\"@type\":\"Organization\",\"@id\":\"https:\/\/cosmoitalia.net\/#organization\",\"name\":\"CosmoItalia\",\"url\":\"https:\/\/cosmoitalia.net\/\",\"logo\":{\"@type\":\"ImageObject\",\"inLanguage\":\"es\",\"@id\":\"https:\/\/cosmoitalia.net\/#\/schema\/logo\/image\/\",\"url\":\"https:\/\/cosmoitalia.net\/wp-content\/uploads\/2023\/09\/cropped-cropped-LOGO_COSMOITALIA-preview-1.png\",\"contentUrl\":\"https:\/\/cosmoitalia.net\/wp-content\/uploads\/2023\/09\/cropped-cropped-LOGO_COSMOITALIA-preview-1.png\",\"width\":498,\"height\":142,\"caption\":\"CosmoItalia\"},\"image\":{\"@id\":\"https:\/\/cosmoitalia.net\/#\/schema\/logo\/image\/\"}}]}<\/script>\n<!-- \/ Yoast SEO plugin. -->","yoast_head_json":{"title":"Academy News - CosmoItalia","robots":{"index":"index","follow":"follow","max-snippet":"max-snippet:-1","max-image-preview":"max-image-preview:large","max-video-preview":"max-video-preview:-1"},"canonical":"https:\/\/cosmoitalia.net\/index.php\/academy-news\/","og_locale":"es_MX","og_type":"article","og_title":"Academy News - CosmoItalia","og_description":"Academy News Gala Helen Seward 2023 Punta Cana, Republica Dominicana 18 de septiembre. Una verdadera Gala Internacional la celebrada en Punta Cana, Rep\u00fablica Dominicana, organizada en colaboraci\u00f3n con el Partner Jes International. \u00a0 Una verdadera Gala Internacional la celebrada en Rep\u00fablica Dominicana, en un lugar excepcional: el Barcel\u00f3 B\u00e1varo Beach, un hotel exclusivo ubicado directamente [&hellip;]","og_url":"https:\/\/cosmoitalia.net\/index.php\/academy-news\/","og_site_name":"CosmoItalia","article_modified_time":"2024-01-04T15:36:22+00:00","og_image":[{"url":"https:\/\/cosmoitalia.net\/wp-content\/uploads\/2023\/09\/WhatsApp-Image-2023-09-27-at-8.35.58-PM-1024x768.jpeg"}],"twitter_card":"summary_large_image","twitter_misc":{"Tiempo de lectura":"1 minuto"},"schema":{"@context":"https:\/\/schema.org","@graph":[{"@type":"WebPage","@id":"https:\/\/cosmoitalia.net\/index.php\/academy-news\/","url":"https:\/\/cosmoitalia.net\/index.php\/academy-news\/","name":"Academy News - CosmoItalia","isPartOf":{"@id":"https:\/\/cosmoitalia.net\/#website"},"datePublished":"2023-09-28T01:26:33+00:00","dateModified":"2024-01-04T15:36:22+00:00","breadcrumb":{"@id":"https:\/\/cosmoitalia.net\/index.php\/academy-news\/#breadcrumb"},"inLanguage":"es","potentialAction":[{"@type":"ReadAction","target":["https:\/\/cosmoitalia.net\/index.php\/academy-news\/"]}]},{"@type":"BreadcrumbList","@id":"https:\/\/cosmoitalia.net\/index.php\/academy-news\/#breadcrumb","itemListElement":[{"@type":"ListItem","position":1,"name":"Inicio","item":"https:\/\/cosmoitalia.net\/"},{"@type":"ListItem","position":2,"name":"Academy News"}]},{"@type":"WebSite","@id":"https:\/\/cosmoitalia.net\/#website","url":"https:\/\/cosmoitalia.net\/","name":"CosmoItalia","description":"","publisher":{"@id":"https:\/\/cosmoitalia.net\/#organization"},"potentialAction":[{"@type":"SearchAction","target":{"@type":"EntryPoint","urlTemplate":"https:\/\/cosmoitalia.net\/?s={search_term_string}"},"query-input":"required name=search_term_string"}],"inLanguage":"es"},{"@type":"Organization","@id":"https:\/\/cosmoitalia.net\/#organization","name":"CosmoItalia","url":"https:\/\/cosmoitalia.net\/","logo":{"@type":"ImageObject","inLanguage":"es","@id":"https:\/\/cosmoitalia.net\/#\/schema\/logo\/image\/","url":"https:\/\/cosmoitalia.net\/wp-content\/uploads\/2023\/09\/cropped-cropped-LOGO_COSMOITALIA-preview-1.png","contentUrl":"https:\/\/cosmoitalia.net\/wp-content\/uploads\/2023\/09\/cropped-cropped-LOGO_COSMOITALIA-preview-1.png","width":498,"height":142,"caption":"CosmoItalia"},"image":{"@id":"https:\/\/cosmoitalia.net\/#\/schema\/logo\/image\/"}}]}},"_links":{"self":[{"href":"https:\/\/cosmoitalia.net\/index.php\/wp-json\/wp\/v2\/pages\/5363","targetHints":{"allow":["GET"]}}],"collection":[{"href":"https:\/\/cosmoitalia.net\/index.php\/wp-json\/wp\/v2\/pages"}],"about":[{"href":"https:\/\/cosmoitalia.net\/index.php\/wp-json\/wp\/v2\/types\/page"}],"author":[{"embeddable":true,"href":"https:\/\/cosmoitalia.net\/index.php\/wp-json\/wp\/v2\/users\/1"}],"replies":[{"embeddable":true,"href":"https:\/\/cosmoitalia.net\/index.php\/wp-json\/wp\/v2\/comments?post=5363"}],"version-history":[{"count":0,"href":"https:\/\/cosmoitalia.net\/index.php\/wp-json\/wp\/v2\/pages\/5363\/revisions"}],"wp:attachment":[{"href":"https:\/\/cosmoitalia.net\/index.php\/wp-json\/wp\/v2\/media?parent=5363"}],"curies":[{"name":"wp","href":"https:\/\/api.w.org\/{rel}","templated":true}]}}